{"id":8832,"date":"2020-06-10T11:02:29","date_gmt":"2020-06-10T11:02:29","guid":{"rendered":"https:\/\/yimbybilbao.com\/?page_id=8832"},"modified":"2022-01-28T11:25:27","modified_gmt":"2022-01-28T10:25:27","slug":"our-kitchen","status":"publish","type":"page","link":"https:\/\/yimbybilbao.com\/en\/yimbybilbao-spaces\/yimby\/our-kitchen\/","title":{"rendered":"Our kitchen"},"content":{"rendered":"<div id='layer_slider_1'  class='avia-layerslider main_color avia-shadow  avia-builder-el-0  el_before_av_one_half  avia-builder-el-first  container_wrap sidebar_right' style='  height: 401px;' ><\/div><div id='after_layer_slider_1'  class='main_color av_default_container_wrap container_wrap sidebar_right' style=' '  ><div class='container' ><div class='template-page content  av-content-small alpha units'><div class='post-entry post-entry-type-page post-entry-8832'><div class='entry-content-wrapper clearfix'>\n<div class=\"flex_column av_one_half  flex_column_div av-zero-column-padding first  avia-builder-el-1  el_after_av_layerslider  el_before_av_one_half  avia-builder-el-first  \" style='border-radius:0px; '><p><div  class='avia-image-container  av-styling-    avia-builder-el-2  el_before_av_textblock  avia-builder-el-first  avia-align-center '  itemprop=\"image\" itemscope=\"itemscope\" itemtype=\"https:\/\/schema.org\/ImageObject\"  ><div class='avia-image-container-inner'><div class='avia-image-overlay-wrap'><img decoding=\"async\" class='wp-image-16482 avia-img-lazy-loading-not-16482 avia_image' src=\"https:\/\/yimbybilbao.com\/wp-content\/uploads\/2020\/05\/Sin-ti\u00ectulo-1-300x73.png\" alt='' title='Sin ti\u00ectulo-1' height=\"73\" width=\"300\"  itemprop=\"thumbnailUrl\" srcset=\"https:\/\/yimbybilbao.com\/wp-content\/uploads\/2020\/05\/Sin-ti\u00ectulo-1-300x73.png 300w, https:\/\/yimbybilbao.com\/wp-content\/uploads\/2020\/05\/Sin-ti\u00ectulo-1-768x188.png 768w, https:\/\/yimbybilbao.com\/wp-content\/uploads\/2020\/05\/Sin-ti\u00ectulo-1-705x172.png 705w, https:\/\/yimbybilbao.com\/wp-content\/uploads\/2020\/05\/Sin-ti\u00ectulo-1.png 839w\" sizes=\"(max-width: 300px) 100vw, 300px\" \/><\/div><\/div><\/div><br \/>\n<section class=\"av_textblock_section \"  itemscope=\"itemscope\" itemtype=\"https:\/\/schema.org\/CreativeWork\" ><div class='avia_textblock  av_inherit_color '  style='font-size:21px; color:#b02b2c; '  itemprop=\"text\" ><p style=\"text-align: left; font-size: 21px;\"><strong>25 m\u00b2<\/strong><\/p>\n<\/div><\/section><br \/>\n<section class=\"av_textblock_section \"  itemscope=\"itemscope\" itemtype=\"https:\/\/schema.org\/CreativeWork\" ><div class='avia_textblock  '   itemprop=\"text\" ><p><span style=\"font-weight: 400; font-size: 13px;\">In\u00a0 the Back Room we offer our clients a fully operational kitchen space to hold and type of gastronomic event you could imagine.<\/span><\/p>\n<\/div><\/section><br \/>\n<section class=\"av_textblock_section \"  itemscope=\"itemscope\" itemtype=\"https:\/\/schema.org\/CreativeWork\" ><div class='avia_textblock  '   itemprop=\"text\" ><p><span style=\"font-weight: 400; font-size: 13px;\">From the most sophisticated showcooking to a course by the newest Michelin starred chef, or how about cooking yourself and turning the entire Back Room into a very special <\/span><i><span style=\"font-weight: 400;\">txoko<\/span><\/i><span style=\"font-weight: 400;\"> [diners\u2019 club]. Use our kitchen as the perfect set to present the latest culinary product, shoot a photo session of your latest appliance or film a\u00a0 course with a famous chef.<\/span><\/p>\n<\/div><\/section><\/p><\/div><div class=\"flex_column av_one_half  flex_column_div av-zero-column-padding   avia-builder-el-6  el_after_av_one_half  el_before_av_hr  \" style='border-radius:0px; '><p><div  style='height:50px' class='hr hr-invisible   avia-builder-el-7  el_before_av_image  avia-builder-el-first '><span class='hr-inner ' ><span class='hr-inner-style'><\/span><\/span><\/div><br \/>\n<div  class='avia-image-container  av-styling-    avia-builder-el-8  el_after_av_hr  el_before_av_hr  avia-align-center '  itemprop=\"image\" itemscope=\"itemscope\" itemtype=\"https:\/\/schema.org\/ImageObject\"  ><div class='avia-image-container-inner'><div class='avia-image-overlay-wrap'><img decoding=\"async\" class='wp-image-16486 avia-img-lazy-loading-not-16486 avia_image' src=\"https:\/\/yimbybilbao.com\/wp-content\/uploads\/2020\/05\/plano4-291x300.png\" alt='' title='plano4' height=\"300\" width=\"291\"  itemprop=\"thumbnailUrl\" srcset=\"https:\/\/yimbybilbao.com\/wp-content\/uploads\/2020\/05\/plano4-291x300.png 291w, https:\/\/yimbybilbao.com\/wp-content\/uploads\/2020\/05\/plano4-999x1030.png 999w, https:\/\/yimbybilbao.com\/wp-content\/uploads\/2020\/05\/plano4-768x792.png 768w, https:\/\/yimbybilbao.com\/wp-content\/uploads\/2020\/05\/plano4-36x36.png 36w, https:\/\/yimbybilbao.com\/wp-content\/uploads\/2020\/05\/plano4-683x705.png 683w, https:\/\/yimbybilbao.com\/wp-content\/uploads\/2020\/05\/plano4.png 1333w\" sizes=\"(max-width: 291px) 100vw, 291px\" \/><\/div><\/div><\/div><br \/>\n<div  style='height:50px' class='hr hr-invisible   avia-builder-el-9  el_after_av_image  el_before_av_button '><span class='hr-inner ' ><span class='hr-inner-style'><\/span><\/span><\/div><br \/>\n<div  class='avia-button-wrap avia-button-center  avia-builder-el-10  el_after_av_hr  avia-builder-el-last ' ><a href='https:\/\/yimbybilbao.com\/wp-content\/uploads\/2018\/07\/PLANO-ACOTADO-SALA-YARD-copia.jpg'  class='avia-button  avia-color-dark   avia-icon_select-no avia-size-medium avia-position-center '   ><span class='avia_iconbox_title' >Download Plan<\/span><\/a><\/div><\/p><\/div><\/p>\n<div  style='height:50px' class='hr hr-invisible   avia-builder-el-11  el_after_av_one_half  el_before_av_one_half '><span class='hr-inner ' ><span class='hr-inner-style'><\/span><\/span><\/div>\n<div class=\"flex_column av_one_half  flex_column_div av-zero-column-padding first  avia-builder-el-12  el_after_av_hr  el_before_av_one_half  \" style='border-radius:0px; '><section class=\"av_textblock_section \"  itemscope=\"itemscope\" itemtype=\"https:\/\/schema.org\/CreativeWork\" ><div class='avia_textblock  av_inherit_color '  style='font-size:18px; color:#606060; '  itemprop=\"text\" ><div class=\"column3 column_space\">\n<p><span style=\"font-weight: 400; font-size: 18px;\">Characteristics of the Room:<\/span><\/p>\n<\/div>\n<div class=\"column3 column_space\"><\/div>\n<\/div><\/section><br \/>\n<section class=\"av_textblock_section \"  itemscope=\"itemscope\" itemtype=\"https:\/\/schema.org\/CreativeWork\" ><div class='avia_textblock  '   itemprop=\"text\" ><div class=\"column3 column_space\">\n<ul>\n<li><span style=\"font-weight: 400; font-size: 13px;\">Area 25 m\u00b2<\/span><\/li>\n<li><span style=\"font-weight: 400; font-size: 13px;\">Built-in in Back Room<\/span><\/li>\n<\/ul>\n<\/div>\n<div class=\"column3 column_space\"><\/div>\n<\/div><\/section><br \/>\n<section class=\"av_textblock_section \"  itemscope=\"itemscope\" itemtype=\"https:\/\/schema.org\/CreativeWork\" ><div class='avia_textblock  av_inherit_color '  style='font-size:18px; color:#606060; '  itemprop=\"text\" ><div class=\"column3 column_space\">\n<p><span style=\"font-weight: 400; font-size: 18px;\">Technical characteristics:<\/span><\/p>\n<\/div>\n<div class=\"column3 column_space\"><\/div>\n<\/div><\/section><br \/>\n<section class=\"av_textblock_section \"  itemscope=\"itemscope\" itemtype=\"https:\/\/schema.org\/CreativeWork\" ><div class='avia_textblock  '   itemprop=\"text\" ><div class=\"column3 column_space\">\n<ul>\n<li>Wifi<\/li>\n<li style=\"font-weight: 400;\"><span style=\"font-weight: 400; font-size: 13px;\">Heating<\/span><\/li>\n<li style=\"font-weight: 400;\"><span style=\"font-weight: 400; font-size: 13px;\">Air conditioning<\/span><\/li>\n<\/ul>\n<\/div>\n<div class=\"column3 column_space\"><\/div>\n<\/div><\/section><\/p><\/div><div class=\"flex_column av_one_half  flex_column_div av-zero-column-padding   avia-builder-el-17  el_after_av_one_half  el_before_av_section  avia-builder-el-last  \" style='border-radius:0px; '><section class=\"av_textblock_section \"  itemscope=\"itemscope\" itemtype=\"https:\/\/schema.org\/CreativeWork\" ><div class='avia_textblock  av_inherit_color '  style='font-size:18px; color:#606060; '  itemprop=\"text\" ><div class=\"column3 column_space\">\n<p><span style=\"font-weight: 400; font-size: 18px;\">Equipment:<\/span><\/p>\n<\/div>\n<div class=\"column3 column_space\"><\/div>\n<\/div><\/section><br \/>\n<section class=\"av_textblock_section \"  itemscope=\"itemscope\" itemtype=\"https:\/\/schema.org\/CreativeWork\" ><div class='avia_textblock  '   itemprop=\"text\" ><div class=\"column3 column_space\">\n<ul>\n<li style=\"font-weight: 400;\"><span style=\"font-weight: 400; font-size: 13px;\">2 GAGGENAU fridges.<\/span><\/li>\n<li style=\"font-weight: 400;\"><span style=\"font-weight: 400; font-size: 13px;\">2 GAGGENAU ovens.<\/span><\/li>\n<li style=\"font-weight: 400;\"><span style=\"font-weight: 400; font-size: 13px;\">1 large MIELE induction hob.<\/span><\/li>\n<li style=\"font-weight: 400;\"><span style=\"font-weight: 400; font-size: 13px;\">1 MIELE griddle plate.<\/span><\/li>\n<li style=\"font-weight: 400;\"><span style=\"font-weight: 400; font-size: 13px;\">2 MIELE ceramic hobs.<\/span><\/li>\n<li style=\"font-weight: 400;\"><span style=\"font-weight: 400; font-size: 13px;\">1 GAGGENAU dishwasher.<\/span><\/li>\n<li style=\"font-weight: 400;\"><span style=\"font-weight: 400; font-size: 13px;\">Double stainless steel sink.<\/span><\/li>\n<li style=\"font-weight: 400;\"><span style=\"font-weight: 400; font-size: 13px;\">1 BOFFI cooker hood.<\/span><\/li>\n<li style=\"font-weight: 400;\"><span style=\"font-weight: 400; font-size: 13px;\">1 microwave.<\/span><\/li>\n<\/ul>\n<\/div>\n<div class=\"column3 column_space\"><\/div>\n<\/div><\/section><\/p><\/div><\/div><\/div><\/div><!-- close content main div --><\/div><\/div><div id='av_section_1'  class='avia-section main_color avia-section-no-padding avia-no-border-styling  avia-bg-style-parallax  avia-builder-el-20  el_after_av_one_half  el_before_av_hr   container_wrap sidebar_right' style=' '  ><div class='container' ><div class='template-page content  av-content-small alpha units'><div class='post-entry post-entry-type-page post-entry-8832'><div class='entry-content-wrapper clearfix'>\n<div  style='height:10px' class='hr hr-invisible   avia-builder-el-21  el_before_av_one_third  avia-builder-el-first '><span class='hr-inner ' ><span class='hr-inner-style'><\/span><\/span><\/div>\n<div class=\"flex_column av_one_third  no_margin flex_column_div first  avia-builder-el-22  el_after_av_hr  el_before_av_one_third  \" style='padding:1px; border-radius:0px; '><div  class='avia-image-container  av-styling-    avia-builder-el-23  avia-builder-el-no-sibling  avia-align-center '  itemprop=\"image\" itemscope=\"itemscope\" itemtype=\"https:\/\/schema.org\/ImageObject\"  ><div class='avia-image-container-inner'><div class='avia-image-overlay-wrap'><img decoding=\"async\" class='wp-image-16480 avia-img-lazy-loading-not-16480 avia_image' src=\"https:\/\/yimbybilbao.com\/wp-content\/uploads\/2020\/05\/cocina3.jpg\" alt='' title='' height=\"533\" width=\"800\"  itemprop=\"thumbnailUrl\" srcset=\"https:\/\/yimbybilbao.com\/wp-content\/uploads\/2020\/05\/cocina3.jpg 800w, https:\/\/yimbybilbao.com\/wp-content\/uploads\/2020\/05\/cocina3-300x200.jpg 300w, https:\/\/yimbybilbao.com\/wp-content\/uploads\/2020\/05\/cocina3-768x512.jpg 768w, https:\/\/yimbybilbao.com\/wp-content\/uploads\/2020\/05\/cocina3-705x470.jpg 705w\" sizes=\"(max-width: 800px) 100vw, 800px\" \/><\/div><\/div><\/div><\/div><div class=\"flex_column av_one_third  no_margin flex_column_div av-zero-column-padding   avia-builder-el-24  el_after_av_one_third  el_before_av_one_third  \" style='border-radius:0px; '><div  class='avia-image-container  av-styling-    avia-builder-el-25  avia-builder-el-no-sibling  avia-align-center '  itemprop=\"image\" itemscope=\"itemscope\" itemtype=\"https:\/\/schema.org\/ImageObject\"  ><div class='avia-image-container-inner'><div class='avia-image-overlay-wrap'><img decoding=\"async\" class='wp-image-16476 avia-img-lazy-loading-not-16476 avia_image' src=\"https:\/\/yimbybilbao.com\/wp-content\/uploads\/2020\/05\/cocina1.jpg\" alt='' title='' height=\"533\" width=\"800\"  itemprop=\"thumbnailUrl\" srcset=\"https:\/\/yimbybilbao.com\/wp-content\/uploads\/2020\/05\/cocina1.jpg 800w, https:\/\/yimbybilbao.com\/wp-content\/uploads\/2020\/05\/cocina1-300x200.jpg 300w, https:\/\/yimbybilbao.com\/wp-content\/uploads\/2020\/05\/cocina1-768x512.jpg 768w, https:\/\/yimbybilbao.com\/wp-content\/uploads\/2020\/05\/cocina1-705x470.jpg 705w\" sizes=\"(max-width: 800px) 100vw, 800px\" \/><\/div><\/div><\/div><\/div><div class=\"flex_column av_one_third  no_margin flex_column_div av-zero-column-padding   avia-builder-el-26  el_after_av_one_third  avia-builder-el-last  \" style='border-radius:0px; '><div  class='avia-image-container  av-styling-    avia-builder-el-27  avia-builder-el-no-sibling  avia-align-center '  itemprop=\"image\" itemscope=\"itemscope\" itemtype=\"https:\/\/schema.org\/ImageObject\"  ><div class='avia-image-container-inner'><div class='avia-image-overlay-wrap'><img decoding=\"async\" class='wp-image-16716 avia-img-lazy-loading-not-16716 avia_image' src=\"https:\/\/yimbybilbao.com\/wp-content\/uploads\/2020\/06\/cocina10.jpg\" alt='' title='' height=\"533\" width=\"800\"  itemprop=\"thumbnailUrl\" srcset=\"https:\/\/yimbybilbao.com\/wp-content\/uploads\/2020\/06\/cocina10.jpg 800w, https:\/\/yimbybilbao.com\/wp-content\/uploads\/2020\/06\/cocina10-300x200.jpg 300w, https:\/\/yimbybilbao.com\/wp-content\/uploads\/2020\/06\/cocina10-768x512.jpg 768w, https:\/\/yimbybilbao.com\/wp-content\/uploads\/2020\/06\/cocina10-705x470.jpg 705w\" sizes=\"(max-width: 800px) 100vw, 800px\" \/><\/div><\/div><\/div><\/div>\n<\/div><\/div><\/div><!-- close content main div --><\/div><\/div><div id='after_section_1'  class='main_color av_default_container_wrap container_wrap sidebar_right' style=' '  ><div class='container' ><div class='template-page content  av-content-small alpha units'><div class='post-entry post-entry-type-page post-entry-8832'><div class='entry-content-wrapper clearfix'><\/p>\n<div  style='height:50px' class='hr hr-invisible   avia-builder-el-28  el_after_av_section  el_before_av_one_fifth  avia-builder-el-first '><span class='hr-inner ' ><span class='hr-inner-style'><\/span><\/span><\/div>\n<div class=\"flex_column av_one_fifth  flex_column_div av-zero-column-padding first  avia-builder-el-29  el_after_av_hr  el_before_av_one_fifth  \" style='border-radius:0px; '><div  class='avia-image-container  av-styling-    avia-builder-el-30  avia-builder-el-no-sibling  avia-align-center '  itemprop=\"image\" itemscope=\"itemscope\" itemtype=\"https:\/\/schema.org\/ImageObject\"  ><div class='avia-image-container-inner'><div class='avia-image-overlay-wrap'><a href='https:\/\/yimbybilbao.com\/espacios-yimbybilbao\/yimby\/yes\/' class='avia_image'  ><img decoding=\"async\" width=\"125\" height=\"68\" class='wp-image-12574 avia-img-lazy-loading-not-12574 avia_image' src=\"https:\/\/yimbybilbao.com\/wp-content\/uploads\/2018\/06\/yes_final.png\" alt='' title=''  itemprop=\"thumbnailUrl\"  \/><\/a><\/div><\/div><\/div><\/div>\n<div class=\"flex_column av_one_fifth  flex_column_div av-zero-column-padding   avia-builder-el-31  el_after_av_one_fifth  el_before_av_one_fifth  \" style='border-radius:0px; '><div  class='avia-image-container  av-styling-    avia-builder-el-32  avia-builder-el-no-sibling  avia-align-center '  itemprop=\"image\" itemscope=\"itemscope\" itemtype=\"https:\/\/schema.org\/ImageObject\"  ><div class='avia-image-container-inner'><div class='avia-image-overlay-wrap'><a href='https:\/\/yimbybilbao.com\/in\/' class='avia_image'  ><img decoding=\"async\" width=\"85\" height=\"68\" class='wp-image-12576 avia-img-lazy-loading-not-12576 avia_image' src=\"https:\/\/yimbybilbao.com\/wp-content\/uploads\/2018\/06\/in_final_2.png\" alt='' title=''  itemprop=\"thumbnailUrl\"  \/><\/a><\/div><\/div><\/div><\/div>\n<div class=\"flex_column av_one_fifth  flex_column_div av-zero-column-padding   avia-builder-el-33  el_after_av_one_fifth  el_before_av_one_fifth  \" style='border-radius:0px; '><div  class='avia-image-container  av-styling-    avia-builder-el-34  avia-builder-el-no-sibling  avia-align-center '  itemprop=\"image\" itemscope=\"itemscope\" itemtype=\"https:\/\/schema.org\/ImageObject\"  ><div class='avia-image-container-inner'><div class='avia-image-overlay-wrap'><a href='https:\/\/yimbybilbao.com\/my\/' class='avia_image'  ><img decoding=\"async\" width=\"125\" height=\"68\" class='wp-image-12578 avia-img-lazy-loading-not-12578 avia_image' src=\"https:\/\/yimbybilbao.com\/wp-content\/uploads\/2018\/06\/my_final.png\" alt='' title=''  itemprop=\"thumbnailUrl\"  \/><\/a><\/div><\/div><\/div><\/div>\n<div class=\"flex_column av_one_fifth  flex_column_div av-zero-column-padding   avia-builder-el-35  el_after_av_one_fifth  el_before_av_one_fifth  \" style='border-radius:0px; '><div  class='avia-image-container  av-styling-    avia-builder-el-36  avia-builder-el-no-sibling  avia-align-center '  itemprop=\"image\" itemscope=\"itemscope\" itemtype=\"https:\/\/schema.org\/ImageObject\"  ><div class='avia-image-container-inner'><div class='avia-image-overlay-wrap'><a href='https:\/\/yimbybilbao.com\/espacios-yimbybilbao\/yimby\/back\/' class='avia_image'  ><img decoding=\"async\" width=\"125\" height=\"68\" class='wp-image-12580 avia-img-lazy-loading-not-12580 avia_image' src=\"https:\/\/yimbybilbao.com\/wp-content\/uploads\/2018\/06\/back_final.png\" alt='' title=''  itemprop=\"thumbnailUrl\"  \/><\/a><\/div><\/div><\/div><\/div>\n<div class=\"flex_column av_one_fifth  flex_column_div av-zero-column-padding   avia-builder-el-37  el_after_av_one_fifth  el_before_av_one_full  \" style='border-radius:0px; '><div  class='avia-image-container  av-styling-    avia-builder-el-38  avia-builder-el-no-sibling  avia-align-center '  itemprop=\"image\" itemscope=\"itemscope\" itemtype=\"https:\/\/schema.org\/ImageObject\"  ><div class='avia-image-container-inner'><div class='avia-image-overlay-wrap'><a href='https:\/\/yimbybilbao.com\/espacios-yimbybilbao\/yimby\/yard\/' class='avia_image'  ><img decoding=\"async\" width=\"125\" height=\"68\" class='wp-image-12582 avia-img-lazy-loading-not-12582 avia_image' src=\"https:\/\/yimbybilbao.com\/wp-content\/uploads\/2018\/06\/yard_final.png\" alt='' title=''  itemprop=\"thumbnailUrl\"  \/><\/a><\/div><\/div><\/div><\/div>\n<div class=\"flex_column av_one_full  flex_column_div av-zero-column-padding first  avia-builder-el-39  el_after_av_one_fifth  avia-builder-el-last  column-top-margin\" style='border-radius:0px; '><\/div>\n","protected":false},"excerpt":{"rendered":"","protected":false},"author":4,"featured_media":0,"parent":5581,"menu_order":0,"comment_status":"open","ping_status":"closed","template":"","meta":{"sfsi_plus_gutenberg_text_before_share":"","sfsi_plus_gutenberg_show_text_before_share":"","sfsi_plus_gutenberg_icon_type":"","sfsi_plus_gutenberg_icon_alignemt":"","sfsi_plus_gutenburg_max_per_row":"","footnotes":""},"class_list":["post-8832","page","type-page","status-publish","hentry"],"yoast_head":"<!-- This site is optimized with the Yoast SEO plugin v27.2 - https:\/\/yoast.com\/product\/yoast-seo-wordpress\/ -->\n<title>Nuestra cocina<\/title>\n<meta name=\"description\" content=\"Sala Yard - Para los eventos m\u00e1s l\u00fadicos, divertidos y desenfadados. M\u00fasica en directo, un cocktail tras una reuni\u00f3n de trabajo -\" \/>\n<meta name=\"robots\" content=\"index, follow, max-snippet:-1, max-image-preview:large, max-video-preview:-1\" \/>\n<link rel=\"canonical\" href=\"https:\/\/yimbybilbao.com\/en\/yimbybilbao-spaces\/yimby\/our-kitchen\/\" \/>\n<meta property=\"og:locale\" content=\"en_US\" \/>\n<meta property=\"og:type\" content=\"article\" \/>\n<meta property=\"og:title\" content=\"Nuestra cocina\" \/>\n<meta property=\"og:description\" content=\"Sala Yard - Para los eventos m\u00e1s l\u00fadicos, divertidos y desenfadados. M\u00fasica en directo, un cocktail tras una reuni\u00f3n de trabajo -\" \/>\n<meta property=\"og:url\" content=\"https:\/\/yimbybilbao.com\/en\/yimbybilbao-spaces\/yimby\/our-kitchen\/\" \/>\n<meta property=\"og:site_name\" content=\"Yimby Bilbao\" \/>\n<meta property=\"article:modified_time\" content=\"2022-01-28T10:25:27+00:00\" \/>\n<meta name=\"twitter:card\" content=\"summary_large_image\" \/>\n<meta name=\"twitter:label1\" content=\"Est. reading time\" \/>\n\t<meta name=\"twitter:data1\" content=\"11 minutes\" \/>\n<script type=\"application\/ld+json\" class=\"yoast-schema-graph\">{\"@context\":\"https:\/\/schema.org\",\"@graph\":[{\"@type\":\"WebPage\",\"@id\":\"https:\/\/yimbybilbao.com\/en\/yimbybilbao-spaces\/yimby\/our-kitchen\/\",\"url\":\"https:\/\/yimbybilbao.com\/en\/yimbybilbao-spaces\/yimby\/our-kitchen\/\",\"name\":\"Nuestra cocina\",\"isPartOf\":{\"@id\":\"https:\/\/yimbybilbao.com\/#website\"},\"datePublished\":\"2020-06-10T11:02:29+00:00\",\"dateModified\":\"2022-01-28T10:25:27+00:00\",\"description\":\"Sala Yard - Para los eventos m\u00e1s l\u00fadicos, divertidos y desenfadados. M\u00fasica en directo, un cocktail tras una reuni\u00f3n de trabajo -\",\"breadcrumb\":{\"@id\":\"https:\/\/yimbybilbao.com\/en\/yimbybilbao-spaces\/yimby\/our-kitchen\/#breadcrumb\"},\"inLanguage\":\"en-US\",\"potentialAction\":[{\"@type\":\"ReadAction\",\"target\":[\"https:\/\/yimbybilbao.com\/en\/yimbybilbao-spaces\/yimby\/our-kitchen\/\"]}]},{\"@type\":\"BreadcrumbList\",\"@id\":\"https:\/\/yimbybilbao.com\/en\/yimbybilbao-spaces\/yimby\/our-kitchen\/#breadcrumb\",\"itemListElement\":[{\"@type\":\"ListItem\",\"position\":1,\"name\":\"Portada\",\"item\":\"https:\/\/yimbybilbao.com\/\"},{\"@type\":\"ListItem\",\"position\":2,\"name\":\"Spaces\",\"item\":\"https:\/\/yimbybilbao.com\/en\/yimbybilbao-spaces\/\"},{\"@type\":\"ListItem\",\"position\":3,\"name\":\"yimby_en\",\"item\":\"https:\/\/yimbybilbao.com\/en\/yimbybilbao-spaces\/yimby\/\"},{\"@type\":\"ListItem\",\"position\":4,\"name\":\"Our kitchen\"}]},{\"@type\":\"WebSite\",\"@id\":\"https:\/\/yimbybilbao.com\/#website\",\"url\":\"https:\/\/yimbybilbao.com\/\",\"name\":\"Yimby Bilbao\",\"description\":\"Welcome to positive encountering\",\"potentialAction\":[{\"@type\":\"SearchAction\",\"target\":{\"@type\":\"EntryPoint\",\"urlTemplate\":\"https:\/\/yimbybilbao.com\/?s={search_term_string}\"},\"query-input\":{\"@type\":\"PropertyValueSpecification\",\"valueRequired\":true,\"valueName\":\"search_term_string\"}}],\"inLanguage\":\"en-US\"}]}<\/script>\n<!-- \/ Yoast SEO plugin. -->","yoast_head_json":{"title":"Nuestra cocina","description":"Sala Yard - Para los eventos m\u00e1s l\u00fadicos, divertidos y desenfadados. M\u00fasica en directo, un cocktail tras una reuni\u00f3n de trabajo -","robots":{"index":"index","follow":"follow","max-snippet":"max-snippet:-1","max-image-preview":"max-image-preview:large","max-video-preview":"max-video-preview:-1"},"canonical":"https:\/\/yimbybilbao.com\/en\/yimbybilbao-spaces\/yimby\/our-kitchen\/","og_locale":"en_US","og_type":"article","og_title":"Nuestra cocina","og_description":"Sala Yard - Para los eventos m\u00e1s l\u00fadicos, divertidos y desenfadados. M\u00fasica en directo, un cocktail tras una reuni\u00f3n de trabajo -","og_url":"https:\/\/yimbybilbao.com\/en\/yimbybilbao-spaces\/yimby\/our-kitchen\/","og_site_name":"Yimby Bilbao","article_modified_time":"2022-01-28T10:25:27+00:00","twitter_card":"summary_large_image","twitter_misc":{"Est. reading time":"11 minutes"},"schema":{"@context":"https:\/\/schema.org","@graph":[{"@type":"WebPage","@id":"https:\/\/yimbybilbao.com\/en\/yimbybilbao-spaces\/yimby\/our-kitchen\/","url":"https:\/\/yimbybilbao.com\/en\/yimbybilbao-spaces\/yimby\/our-kitchen\/","name":"Nuestra cocina","isPartOf":{"@id":"https:\/\/yimbybilbao.com\/#website"},"datePublished":"2020-06-10T11:02:29+00:00","dateModified":"2022-01-28T10:25:27+00:00","description":"Sala Yard - Para los eventos m\u00e1s l\u00fadicos, divertidos y desenfadados. M\u00fasica en directo, un cocktail tras una reuni\u00f3n de trabajo -","breadcrumb":{"@id":"https:\/\/yimbybilbao.com\/en\/yimbybilbao-spaces\/yimby\/our-kitchen\/#breadcrumb"},"inLanguage":"en-US","potentialAction":[{"@type":"ReadAction","target":["https:\/\/yimbybilbao.com\/en\/yimbybilbao-spaces\/yimby\/our-kitchen\/"]}]},{"@type":"BreadcrumbList","@id":"https:\/\/yimbybilbao.com\/en\/yimbybilbao-spaces\/yimby\/our-kitchen\/#breadcrumb","itemListElement":[{"@type":"ListItem","position":1,"name":"Portada","item":"https:\/\/yimbybilbao.com\/"},{"@type":"ListItem","position":2,"name":"Spaces","item":"https:\/\/yimbybilbao.com\/en\/yimbybilbao-spaces\/"},{"@type":"ListItem","position":3,"name":"yimby_en","item":"https:\/\/yimbybilbao.com\/en\/yimbybilbao-spaces\/yimby\/"},{"@type":"ListItem","position":4,"name":"Our kitchen"}]},{"@type":"WebSite","@id":"https:\/\/yimbybilbao.com\/#website","url":"https:\/\/yimbybilbao.com\/","name":"Yimby Bilbao","description":"Welcome to positive encountering","potentialAction":[{"@type":"SearchAction","target":{"@type":"EntryPoint","urlTemplate":"https:\/\/yimbybilbao.com\/?s={search_term_string}"},"query-input":{"@type":"PropertyValueSpecification","valueRequired":true,"valueName":"search_term_string"}}],"inLanguage":"en-US"}]}},"_links":{"self":[{"href":"https:\/\/yimbybilbao.com\/en\/wp-json\/wp\/v2\/pages\/8832","targetHints":{"allow":["GET"]}}],"collection":[{"href":"https:\/\/yimbybilbao.com\/en\/wp-json\/wp\/v2\/pages"}],"about":[{"href":"https:\/\/yimbybilbao.com\/en\/wp-json\/wp\/v2\/types\/page"}],"author":[{"embeddable":true,"href":"https:\/\/yimbybilbao.com\/en\/wp-json\/wp\/v2\/users\/4"}],"replies":[{"embeddable":true,"href":"https:\/\/yimbybilbao.com\/en\/wp-json\/wp\/v2\/comments?post=8832"}],"version-history":[{"count":5,"href":"https:\/\/yimbybilbao.com\/en\/wp-json\/wp\/v2\/pages\/8832\/revisions"}],"predecessor-version":[{"id":20567,"href":"https:\/\/yimbybilbao.com\/en\/wp-json\/wp\/v2\/pages\/8832\/revisions\/20567"}],"up":[{"embeddable":true,"href":"https:\/\/yimbybilbao.com\/en\/wp-json\/wp\/v2\/pages\/5581"}],"wp:attachment":[{"href":"https:\/\/yimbybilbao.com\/en\/wp-json\/wp\/v2\/media?parent=8832"}],"curies":[{"name":"wp","href":"https:\/\/api.w.org\/{rel}","templated":true}]}}