{"id":5724,"date":"2019-01-25T14:59:37","date_gmt":"2019-01-25T14:59:37","guid":{"rendered":"http:\/\/yimbybilbao.com\/?page_id=5724"},"modified":"2022-01-28T11:08:09","modified_gmt":"2022-01-28T10:08:09","slug":"yard-aretoa","status":"publish","type":"page","link":"https:\/\/yimbybilbao.com\/eu\/yimby-bilbao-espazioak\/yimby\/yard-aretoa\/","title":{"rendered":"Yard Aretoa"},"content":{"rendered":"<section class=\"av_textblock_section \"  itemscope=\"itemscope\" itemtype=\"https:\/\/schema.org\/CreativeWork\" ><div class='avia_textblock  '   itemprop=\"text\" ><\/div><\/section>\n<\/div><\/div><\/div><!-- close content main div --><\/div><\/div><div id='layer_slider_1'  class='avia-layerslider main_color avia-shadow  avia-builder-el-1  el_after_av_textblock  el_before_av_one_half  slider-not-first container_wrap sidebar_right' style='  height: 401px;' ><\/div><div id='after_layer_slider_1'  class='main_color av_default_container_wrap container_wrap sidebar_right' style=' '  ><div class='container' ><div class='template-page content  av-content-small alpha units'><div class='post-entry post-entry-type-page post-entry-5724'><div class='entry-content-wrapper clearfix'>\n<div class=\"flex_column av_one_half  flex_column_div av-zero-column-padding first  avia-builder-el-2  el_after_av_layerslider  el_before_av_one_half  avia-builder-el-first  \" style='border-radius:0px; '><p><div  class='avia-image-container  av-styling-    avia-builder-el-3  el_before_av_textblock  avia-builder-el-first  avia-align-center '  itemprop=\"image\" itemscope=\"itemscope\" itemtype=\"https:\/\/schema.org\/ImageObject\"  ><div class='avia-image-container-inner'><div class='avia-image-overlay-wrap'><img decoding=\"async\" class='wp-image-12735 avia-img-lazy-loading-not-12735 avia_image' src=\"https:\/\/yimbybilbao.com\/wp-content\/uploads\/2018\/06\/Titulo_yard.png\" alt='' title='' height=\"55\" width=\"158\"  itemprop=\"thumbnailUrl\"  \/><\/div><\/div><\/div><br \/>\n<section class=\"av_textblock_section \"  itemscope=\"itemscope\" itemtype=\"https:\/\/schema.org\/CreativeWork\" ><div class='avia_textblock  av_inherit_color '  style='font-size:21px; color:#b02b2c; '  itemprop=\"text\" ><p style=\"text-align: left; font-size: 21px;\"><strong>165\u00a0m\u00b2<\/strong><\/p>\n<\/div><\/section><br \/>\n<section class=\"av_textblock_section \"  itemscope=\"itemscope\" itemtype=\"https:\/\/schema.org\/CreativeWork\" ><div class='avia_textblock  '   itemprop=\"text\" ><p><span style=\"font-weight: 400; font-size: 13px;\">Ekitaldi ludikoenak, dibertigarrienak eta lasaienak egiteko. Zuzeneko musika, koktel bat lan-bilera baten ondoren, proiekzioak ikustea ilunabarrean\u2026 <\/span><\/p>\n<\/div><\/section><br \/>\n<div  style='height:50px' class='hr hr-invisible   avia-builder-el-6  el_after_av_textblock  el_before_av_textblock '><span class='hr-inner ' ><span class='hr-inner-style'><\/span><\/span><\/div><br \/>\n<section class=\"av_textblock_section \"  itemscope=\"itemscope\" itemtype=\"https:\/\/schema.org\/CreativeWork\" ><div class='avia_textblock  av_inherit_color '  style='font-size:18px; color:#606060; '  itemprop=\"text\" ><div class=\"column3 column_space\">\n<p><span style=\"font-weight: 400; font-size: 18px;\">Aretoaren ezaugarriak:<\/span><\/p>\n<\/div>\n<div class=\"column3 column_space\"><\/div>\n<\/div><\/section><br \/>\n<section class=\"av_textblock_section \"  itemscope=\"itemscope\" itemtype=\"https:\/\/schema.org\/CreativeWork\" ><div class='avia_textblock  '   itemprop=\"text\" ><div class=\"column3 column_space\">\n<ul>\n<li style=\"font-weight: 400;\"><span style=\"font-weight: 400; font-size: 13px;\">Azalera: 165 m\u00b2<\/span><\/li>\n<li style=\"font-weight: 400;\"><span style=\"font-weight: 400; font-size: 13px;\">Luzera: 22,07 m<\/span><\/li>\n<li style=\"font-weight: 400;\"><span style=\"font-weight: 400; font-size: 13px;\">Zabalera: 8,90 m<\/span><\/li>\n<li style=\"font-weight: 400;\"><span style=\"font-weight: 400; font-size: 13px;\">Egun-argia<\/span><\/li>\n<\/ul>\n<\/div>\n<div class=\"column3 column_space\"><\/div>\n<\/div><\/section><br \/>\n<section class=\"av_textblock_section \"  itemscope=\"itemscope\" itemtype=\"https:\/\/schema.org\/CreativeWork\" ><div class='avia_textblock  av_inherit_color '  style='font-size:18px; color:#606060; '  itemprop=\"text\" ><div class=\"column3 column_space\">\n<p><span style=\"font-weight: 400; font-size: 18px;\">Ezaugarri teknikoak:<\/span><\/p>\n<\/div>\n<div class=\"column3 column_space\"><\/div>\n<\/div><\/section><br \/>\n<section class=\"av_textblock_section \"  itemscope=\"itemscope\" itemtype=\"https:\/\/schema.org\/CreativeWork\" ><div class='avia_textblock  '   itemprop=\"text\" ><div class=\"column3 column_space\">\n<ul>\n<li><span style=\"font-size: 13px;\">Wifia<\/span><\/li>\n<\/ul>\n<\/div>\n<div class=\"column3 column_space\"><\/div>\n<\/div><\/section><\/p><\/div><div class=\"flex_column av_one_half  flex_column_div av-zero-column-padding   avia-builder-el-11  el_after_av_one_half  el_before_av_section  avia-builder-el-last  \" style='border-radius:0px; '><p><div  class='avia-image-container  av-styling-    avia-builder-el-12  el_before_av_hr  avia-builder-el-first  avia-align-center '  itemprop=\"image\" itemscope=\"itemscope\" itemtype=\"https:\/\/schema.org\/ImageObject\"  ><div class='avia-image-container-inner'><div class='avia-image-overlay-wrap'><img decoding=\"async\" class='wp-image-12677 avia-img-lazy-loading-not-12677 avia_image' src=\"https:\/\/yimbybilbao.com\/wp-content\/uploads\/2018\/06\/sala_yes_mapa.png\" alt='' title='' height=\"729\" width=\"1002\"  itemprop=\"thumbnailUrl\" srcset=\"https:\/\/yimbybilbao.com\/wp-content\/uploads\/2018\/06\/sala_yes_mapa.png 1002w, https:\/\/yimbybilbao.com\/wp-content\/uploads\/2018\/06\/sala_yes_mapa-300x218.png 300w, https:\/\/yimbybilbao.com\/wp-content\/uploads\/2018\/06\/sala_yes_mapa-768x559.png 768w, https:\/\/yimbybilbao.com\/wp-content\/uploads\/2018\/06\/sala_yes_mapa-705x513.png 705w\" sizes=\"(max-width: 1002px) 100vw, 1002px\" \/><\/div><\/div><\/div><br \/>\n<div  style='height:50px' class='hr hr-invisible   avia-builder-el-13  el_after_av_image  el_before_av_button '><span class='hr-inner ' ><span class='hr-inner-style'><\/span><\/span><\/div><br \/>\n<div  class='avia-button-wrap avia-button-center  avia-builder-el-14  el_after_av_hr  avia-builder-el-last ' ><a href='https:\/\/yimbybilbao.com\/wp-content\/uploads\/2018\/07\/PLANO-ACOTADO-SALA-YARD-copia.jpg'  class='avia-button  avia-color-dark   avia-icon_select-no avia-size-medium avia-position-center '   ><span class='avia_iconbox_title' >Behera kargatu planoa<\/span><\/a><\/div><\/p><\/div><\/p>\n<\/div><\/div><\/div><!-- close content main div --><\/div><\/div><div id='av_section_1'  class='avia-section main_color avia-section-no-padding avia-no-border-styling  avia-bg-style-parallax  avia-builder-el-15  el_after_av_one_half  el_before_av_hr   container_wrap sidebar_right' style=' '  ><div class='container' ><div class='template-page content  av-content-small alpha units'><div class='post-entry post-entry-type-page post-entry-5724'><div class='entry-content-wrapper clearfix'>\n<div  style='height:10px' class='hr hr-invisible   avia-builder-el-16  el_before_av_one_third  avia-builder-el-first '><span class='hr-inner ' ><span class='hr-inner-style'><\/span><\/span><\/div>\n<div class=\"flex_column av_one_third  no_margin flex_column_div first  avia-builder-el-17  el_after_av_hr  el_before_av_one_third  \" style='border-width:5px; border-color:#ffffff; border-style:solid; padding:1px; border-radius:0px; '><div  class='avia-image-container  av-styling-    avia-builder-el-18  avia-builder-el-no-sibling  avia-align-center '  itemprop=\"image\" itemscope=\"itemscope\" itemtype=\"https:\/\/schema.org\/ImageObject\"  ><div class='avia-image-container-inner'><div class='avia-image-overlay-wrap'><img decoding=\"async\" class='wp-image-12737 avia-img-lazy-loading-not-12737 avia_image' src=\"https:\/\/yimbybilbao.com\/wp-content\/uploads\/2018\/06\/1.jpg\" alt='' title='' height=\"1000\" width=\"1500\"  itemprop=\"thumbnailUrl\" srcset=\"https:\/\/yimbybilbao.com\/wp-content\/uploads\/2018\/06\/1.jpg 1500w, https:\/\/yimbybilbao.com\/wp-content\/uploads\/2018\/06\/1-300x200.jpg 300w, https:\/\/yimbybilbao.com\/wp-content\/uploads\/2018\/06\/1-1030x687.jpg 1030w, https:\/\/yimbybilbao.com\/wp-content\/uploads\/2018\/06\/1-768x512.jpg 768w, https:\/\/yimbybilbao.com\/wp-content\/uploads\/2018\/06\/1-705x470.jpg 705w\" sizes=\"(max-width: 1500px) 100vw, 1500px\" \/><\/div><\/div><\/div><\/div><div class=\"flex_column av_one_third  no_margin flex_column_div av-zero-column-padding   avia-builder-el-19  el_after_av_one_third  el_before_av_one_third  \" style='border-width:5px; border-color:#ffffff; border-style:solid; border-radius:0px; '><div  class='avia-image-container  av-styling-    avia-builder-el-20  avia-builder-el-no-sibling  avia-align-center '  itemprop=\"image\" itemscope=\"itemscope\" itemtype=\"https:\/\/schema.org\/ImageObject\"  ><div class='avia-image-container-inner'><div class='avia-image-overlay-wrap'><img decoding=\"async\" class='wp-image-12739 avia-img-lazy-loading-not-12739 avia_image' src=\"https:\/\/yimbybilbao.com\/wp-content\/uploads\/2018\/06\/YARD2.jpg\" alt='' title='' height=\"1000\" width=\"1500\"  itemprop=\"thumbnailUrl\" srcset=\"https:\/\/yimbybilbao.com\/wp-content\/uploads\/2018\/06\/YARD2.jpg 1500w, https:\/\/yimbybilbao.com\/wp-content\/uploads\/2018\/06\/YARD2-300x200.jpg 300w, https:\/\/yimbybilbao.com\/wp-content\/uploads\/2018\/06\/YARD2-1030x687.jpg 1030w, https:\/\/yimbybilbao.com\/wp-content\/uploads\/2018\/06\/YARD2-768x512.jpg 768w, https:\/\/yimbybilbao.com\/wp-content\/uploads\/2018\/06\/YARD2-705x470.jpg 705w\" sizes=\"(max-width: 1500px) 100vw, 1500px\" \/><\/div><\/div><\/div><\/div><div class=\"flex_column av_one_third  no_margin flex_column_div av-zero-column-padding   avia-builder-el-21  el_after_av_one_third  avia-builder-el-last  \" style='border-width:5px; border-color:#ffffff; border-style:solid; border-radius:0px; '><div  class='avia-image-container  av-styling-    avia-builder-el-22  avia-builder-el-no-sibling  avia-align-center '  itemprop=\"image\" itemscope=\"itemscope\" itemtype=\"https:\/\/schema.org\/ImageObject\"  ><div class='avia-image-container-inner'><div class='avia-image-overlay-wrap'><img decoding=\"async\" class='wp-image-12741 avia-img-lazy-loading-not-12741 avia_image' src=\"https:\/\/yimbybilbao.com\/wp-content\/uploads\/2018\/06\/YARD3.jpg\" alt='' title='YARD 3' height=\"1000\" width=\"1500\"  itemprop=\"thumbnailUrl\" srcset=\"https:\/\/yimbybilbao.com\/wp-content\/uploads\/2018\/06\/YARD3.jpg 1500w, https:\/\/yimbybilbao.com\/wp-content\/uploads\/2018\/06\/YARD3-300x200.jpg 300w, https:\/\/yimbybilbao.com\/wp-content\/uploads\/2018\/06\/YARD3-1030x687.jpg 1030w, https:\/\/yimbybilbao.com\/wp-content\/uploads\/2018\/06\/YARD3-768x512.jpg 768w, https:\/\/yimbybilbao.com\/wp-content\/uploads\/2018\/06\/YARD3-705x470.jpg 705w\" sizes=\"(max-width: 1500px) 100vw, 1500px\" \/><\/div><\/div><\/div><\/div>\n<\/div><\/div><\/div><!-- close content main div --><\/div><\/div><div id='after_section_1'  class='main_color av_default_container_wrap container_wrap sidebar_right' style=' '  ><div class='container' ><div class='template-page content  av-content-small alpha units'><div class='post-entry post-entry-type-page post-entry-5724'><div class='entry-content-wrapper clearfix'>\n<div  style='height:50px' class='hr hr-invisible   avia-builder-el-23  el_after_av_section  el_before_av_one_fifth  avia-builder-el-first '><span class='hr-inner ' ><span class='hr-inner-style'><\/span><\/span><\/div>\n<div class=\"flex_column av_one_fifth  flex_column_div av-zero-column-padding first  avia-builder-el-24  el_after_av_hr  el_before_av_one_fifth  \" style='border-radius:0px; '><div  class='avia-image-container  av-styling-    avia-builder-el-25  avia-builder-el-no-sibling  avia-align-center '  itemprop=\"image\" itemscope=\"itemscope\" itemtype=\"https:\/\/schema.org\/ImageObject\"  ><div class='avia-image-container-inner'><div class='avia-image-overlay-wrap'><a href='https:\/\/yimbybilbao.com\/eu\/yimby-bilbao-espazioak\/yimby\/yes-aretoa\/' class='avia_image'  ><img decoding=\"async\" width=\"125\" height=\"68\" class='wp-image-12573 avia-img-lazy-loading-not-12573 avia_image' src=\"https:\/\/yimbybilbao.com\/wp-content\/uploads\/2018\/06\/yes_final.png\" alt='' title=''  itemprop=\"thumbnailUrl\"  \/><\/a><\/div><\/div><\/div><\/div>\n<div class=\"flex_column av_one_fifth  flex_column_div av-zero-column-padding   avia-builder-el-26  el_after_av_one_fifth  el_before_av_one_fifth  \" style='border-width:5px; border-color:#ffffff; border-style:solid; border-radius:0px; '><div  class='avia-image-container  av-styling-    avia-builder-el-27  avia-builder-el-no-sibling  avia-align-center '  itemprop=\"image\" itemscope=\"itemscope\" itemtype=\"https:\/\/schema.org\/ImageObject\"  ><div class='avia-image-container-inner'><div class='avia-image-overlay-wrap'><a href='https:\/\/yimbybilbao.com\/eu\/yimby-bilbao-espazioak\/yimby\/in_aretoa\/' class='avia_image'  ><img decoding=\"async\" width=\"85\" height=\"68\" class='wp-image-12575 avia-img-lazy-loading-not-12575 avia_image' src=\"https:\/\/yimbybilbao.com\/wp-content\/uploads\/2018\/06\/in_final_2.png\" alt='' title=''  itemprop=\"thumbnailUrl\"  \/><\/a><\/div><\/div><\/div><\/div>\n<div class=\"flex_column av_one_fifth  flex_column_div av-zero-column-padding   avia-builder-el-28  el_after_av_one_fifth  el_before_av_one_fifth  \" style='border-width:5px; border-color:#ffffff; border-style:solid; border-radius:0px; '><div  class='avia-image-container  av-styling-    avia-builder-el-29  avia-builder-el-no-sibling  avia-align-center '  itemprop=\"image\" itemscope=\"itemscope\" itemtype=\"https:\/\/schema.org\/ImageObject\"  ><div class='avia-image-container-inner'><div class='avia-image-overlay-wrap'><a href='https:\/\/yimbybilbao.com\/eu\/yimby-bilbao-espazioak\/yimby\/my-aretoa\/' class='avia_image'  ><img decoding=\"async\" width=\"125\" height=\"68\" class='wp-image-12577 avia-img-lazy-loading-not-12577 avia_image' src=\"https:\/\/yimbybilbao.com\/wp-content\/uploads\/2018\/06\/my_final.png\" alt='' title=''  itemprop=\"thumbnailUrl\"  \/><\/a><\/div><\/div><\/div><\/div>\n<div class=\"flex_column av_one_fifth  flex_column_div av-zero-column-padding   avia-builder-el-30  el_after_av_one_fifth  el_before_av_one_fifth  \" style='border-width:5px; border-color:#ffffff; border-style:solid; border-radius:0px; '><div  class='avia-image-container  av-styling-    avia-builder-el-31  avia-builder-el-no-sibling  avia-align-center '  itemprop=\"image\" itemscope=\"itemscope\" itemtype=\"https:\/\/schema.org\/ImageObject\"  ><div class='avia-image-container-inner'><div class='avia-image-overlay-wrap'><a href='https:\/\/yimbybilbao.com\/eu\/yimby-bilbao-espazioak\/yimby\/back-aretoa\/' class='avia_image'  ><img decoding=\"async\" width=\"125\" height=\"68\" class='wp-image-12579 avia-img-lazy-loading-not-12579 avia_image' src=\"https:\/\/yimbybilbao.com\/wp-content\/uploads\/2018\/06\/back_final.png\" alt='' title=''  itemprop=\"thumbnailUrl\"  \/><\/a><\/div><\/div><\/div><\/div>\n<div class=\"flex_column av_one_fifth  flex_column_div av-zero-column-padding   avia-builder-el-32  el_after_av_one_fifth  avia-builder-el-last  \" style='border-width:5px; border-color:#ffffff; border-style:solid; border-radius:0px; '><div  class='avia-image-container  av-styling-    avia-builder-el-33  avia-builder-el-no-sibling  avia-align-center '  itemprop=\"image\" itemscope=\"itemscope\" itemtype=\"https:\/\/schema.org\/ImageObject\"  ><div class='avia-image-container-inner'><div class='avia-image-overlay-wrap'><img decoding=\"async\" class='wp-image-12581 avia-img-lazy-loading-not-12581 avia_image' src=\"https:\/\/yimbybilbao.com\/wp-content\/uploads\/2018\/06\/yard_final.png\" alt='' title='' height=\"68\" width=\"125\"  itemprop=\"thumbnailUrl\"  \/><\/div><\/div><\/div><\/div>\n","protected":false},"excerpt":{"rendered":"","protected":false},"author":4,"featured_media":0,"parent":5709,"menu_order":0,"comment_status":"open","ping_status":"closed","template":"","meta":{"sfsi_plus_gutenberg_text_before_share":"","sfsi_plus_gutenberg_show_text_before_share":"","sfsi_plus_gutenberg_icon_type":"","sfsi_plus_gutenberg_icon_alignemt":"","sfsi_plus_gutenburg_max_per_row":"","footnotes":""},"class_list":["post-5724","page","type-page","status-publish","hentry"],"yoast_head":"<!-- This site is optimized with the Yoast SEO plugin v27.2 - https:\/\/yoast.com\/product\/yoast-seo-wordpress\/ -->\n<title>Sala Yard<\/title>\n<meta name=\"description\" content=\"Sala Yard - Para los eventos m\u00e1s l\u00fadicos, divertidos y desenfadados. M\u00fasica en directo, un cocktail tras una reuni\u00f3n de trabajo -\" \/>\n<meta name=\"robots\" content=\"index, follow, max-snippet:-1, max-image-preview:large, max-video-preview:-1\" \/>\n<link rel=\"canonical\" href=\"https:\/\/yimbybilbao.com\/eu\/yimby-bilbao-espazioak\/yimby\/yard-aretoa\/\" \/>\n<meta property=\"og:locale\" content=\"eu_ES\" \/>\n<meta property=\"og:type\" content=\"article\" \/>\n<meta property=\"og:title\" content=\"Sala Yard\" \/>\n<meta property=\"og:description\" content=\"Sala Yard - Para los eventos m\u00e1s l\u00fadicos, divertidos y desenfadados. M\u00fasica en directo, un cocktail tras una reuni\u00f3n de trabajo -\" \/>\n<meta property=\"og:url\" content=\"https:\/\/yimbybilbao.com\/eu\/yimby-bilbao-espazioak\/yimby\/yard-aretoa\/\" \/>\n<meta property=\"og:site_name\" content=\"Yimby Bilbao\" \/>\n<meta property=\"article:modified_time\" content=\"2022-01-28T10:08:09+00:00\" \/>\n<meta name=\"twitter:card\" content=\"summary_large_image\" \/>\n<meta name=\"twitter:label1\" content=\"Est. reading time\" \/>\n\t<meta name=\"twitter:data1\" content=\"9 minutes\" \/>\n<script type=\"application\/ld+json\" class=\"yoast-schema-graph\">{\"@context\":\"https:\/\/schema.org\",\"@graph\":[{\"@type\":\"WebPage\",\"@id\":\"https:\/\/yimbybilbao.com\/eu\/yimby-bilbao-espazioak\/yimby\/yard-aretoa\/\",\"url\":\"https:\/\/yimbybilbao.com\/eu\/yimby-bilbao-espazioak\/yimby\/yard-aretoa\/\",\"name\":\"Sala Yard\",\"isPartOf\":{\"@id\":\"https:\/\/yimbybilbao.com\/#website\"},\"datePublished\":\"2019-01-25T14:59:37+00:00\",\"dateModified\":\"2022-01-28T10:08:09+00:00\",\"description\":\"Sala Yard - Para los eventos m\u00e1s l\u00fadicos, divertidos y desenfadados. M\u00fasica en directo, un cocktail tras una reuni\u00f3n de trabajo -\",\"breadcrumb\":{\"@id\":\"https:\/\/yimbybilbao.com\/eu\/yimby-bilbao-espazioak\/yimby\/yard-aretoa\/#breadcrumb\"},\"inLanguage\":\"eu-ES\",\"potentialAction\":[{\"@type\":\"ReadAction\",\"target\":[\"https:\/\/yimbybilbao.com\/eu\/yimby-bilbao-espazioak\/yimby\/yard-aretoa\/\"]}]},{\"@type\":\"BreadcrumbList\",\"@id\":\"https:\/\/yimbybilbao.com\/eu\/yimby-bilbao-espazioak\/yimby\/yard-aretoa\/#breadcrumb\",\"itemListElement\":[{\"@type\":\"ListItem\",\"position\":1,\"name\":\"Portada\",\"item\":\"https:\/\/yimbybilbao.com\/\"},{\"@type\":\"ListItem\",\"position\":2,\"name\":\"Espazioak\",\"item\":\"https:\/\/yimbybilbao.com\/eu\/yimby-bilbao-espazioak\/\"},{\"@type\":\"ListItem\",\"position\":3,\"name\":\"Yimby_eusk\",\"item\":\"https:\/\/yimbybilbao.com\/eu\/yimby-bilbao-espazioak\/yimby\/\"},{\"@type\":\"ListItem\",\"position\":4,\"name\":\"Yard Aretoa\"}]},{\"@type\":\"WebSite\",\"@id\":\"https:\/\/yimbybilbao.com\/#website\",\"url\":\"https:\/\/yimbybilbao.com\/\",\"name\":\"Yimby Bilbao\",\"description\":\"Welcome to positive encountering\",\"potentialAction\":[{\"@type\":\"SearchAction\",\"target\":{\"@type\":\"EntryPoint\",\"urlTemplate\":\"https:\/\/yimbybilbao.com\/?s={search_term_string}\"},\"query-input\":{\"@type\":\"PropertyValueSpecification\",\"valueRequired\":true,\"valueName\":\"search_term_string\"}}],\"inLanguage\":\"eu-ES\"}]}<\/script>\n<!-- \/ Yoast SEO plugin. -->","yoast_head_json":{"title":"Sala Yard","description":"Sala Yard - Para los eventos m\u00e1s l\u00fadicos, divertidos y desenfadados. M\u00fasica en directo, un cocktail tras una reuni\u00f3n de trabajo -","robots":{"index":"index","follow":"follow","max-snippet":"max-snippet:-1","max-image-preview":"max-image-preview:large","max-video-preview":"max-video-preview:-1"},"canonical":"https:\/\/yimbybilbao.com\/eu\/yimby-bilbao-espazioak\/yimby\/yard-aretoa\/","og_locale":"eu_ES","og_type":"article","og_title":"Sala Yard","og_description":"Sala Yard - Para los eventos m\u00e1s l\u00fadicos, divertidos y desenfadados. M\u00fasica en directo, un cocktail tras una reuni\u00f3n de trabajo -","og_url":"https:\/\/yimbybilbao.com\/eu\/yimby-bilbao-espazioak\/yimby\/yard-aretoa\/","og_site_name":"Yimby Bilbao","article_modified_time":"2022-01-28T10:08:09+00:00","twitter_card":"summary_large_image","twitter_misc":{"Est. reading time":"9 minutes"},"schema":{"@context":"https:\/\/schema.org","@graph":[{"@type":"WebPage","@id":"https:\/\/yimbybilbao.com\/eu\/yimby-bilbao-espazioak\/yimby\/yard-aretoa\/","url":"https:\/\/yimbybilbao.com\/eu\/yimby-bilbao-espazioak\/yimby\/yard-aretoa\/","name":"Sala Yard","isPartOf":{"@id":"https:\/\/yimbybilbao.com\/#website"},"datePublished":"2019-01-25T14:59:37+00:00","dateModified":"2022-01-28T10:08:09+00:00","description":"Sala Yard - Para los eventos m\u00e1s l\u00fadicos, divertidos y desenfadados. M\u00fasica en directo, un cocktail tras una reuni\u00f3n de trabajo -","breadcrumb":{"@id":"https:\/\/yimbybilbao.com\/eu\/yimby-bilbao-espazioak\/yimby\/yard-aretoa\/#breadcrumb"},"inLanguage":"eu-ES","potentialAction":[{"@type":"ReadAction","target":["https:\/\/yimbybilbao.com\/eu\/yimby-bilbao-espazioak\/yimby\/yard-aretoa\/"]}]},{"@type":"BreadcrumbList","@id":"https:\/\/yimbybilbao.com\/eu\/yimby-bilbao-espazioak\/yimby\/yard-aretoa\/#breadcrumb","itemListElement":[{"@type":"ListItem","position":1,"name":"Portada","item":"https:\/\/yimbybilbao.com\/"},{"@type":"ListItem","position":2,"name":"Espazioak","item":"https:\/\/yimbybilbao.com\/eu\/yimby-bilbao-espazioak\/"},{"@type":"ListItem","position":3,"name":"Yimby_eusk","item":"https:\/\/yimbybilbao.com\/eu\/yimby-bilbao-espazioak\/yimby\/"},{"@type":"ListItem","position":4,"name":"Yard Aretoa"}]},{"@type":"WebSite","@id":"https:\/\/yimbybilbao.com\/#website","url":"https:\/\/yimbybilbao.com\/","name":"Yimby Bilbao","description":"Welcome to positive encountering","potentialAction":[{"@type":"SearchAction","target":{"@type":"EntryPoint","urlTemplate":"https:\/\/yimbybilbao.com\/?s={search_term_string}"},"query-input":{"@type":"PropertyValueSpecification","valueRequired":true,"valueName":"search_term_string"}}],"inLanguage":"eu-ES"}]}},"_links":{"self":[{"href":"https:\/\/yimbybilbao.com\/eu\/wp-json\/wp\/v2\/pages\/5724","targetHints":{"allow":["GET"]}}],"collection":[{"href":"https:\/\/yimbybilbao.com\/eu\/wp-json\/wp\/v2\/pages"}],"about":[{"href":"https:\/\/yimbybilbao.com\/eu\/wp-json\/wp\/v2\/types\/page"}],"author":[{"embeddable":true,"href":"https:\/\/yimbybilbao.com\/eu\/wp-json\/wp\/v2\/users\/4"}],"replies":[{"embeddable":true,"href":"https:\/\/yimbybilbao.com\/eu\/wp-json\/wp\/v2\/comments?post=5724"}],"version-history":[{"count":5,"href":"https:\/\/yimbybilbao.com\/eu\/wp-json\/wp\/v2\/pages\/5724\/revisions"}],"predecessor-version":[{"id":20562,"href":"https:\/\/yimbybilbao.com\/eu\/wp-json\/wp\/v2\/pages\/5724\/revisions\/20562"}],"up":[{"embeddable":true,"href":"https:\/\/yimbybilbao.com\/eu\/wp-json\/wp\/v2\/pages\/5709"}],"wp:attachment":[{"href":"https:\/\/yimbybilbao.com\/eu\/wp-json\/wp\/v2\/media?parent=5724"}],"curies":[{"name":"wp","href":"https:\/\/api.w.org\/{rel}","templated":true}]}}