{"id":8849,"date":"2020-06-10T11:16:34","date_gmt":"2020-06-10T11:16:34","guid":{"rendered":"https:\/\/yimbybilbao.com\/?page_id=8849"},"modified":"2022-01-28T11:18:45","modified_gmt":"2022-01-28T10:18:45","slug":"gure-sukaldea","status":"publish","type":"page","link":"https:\/\/yimbybilbao.com\/eu\/yimby-bilbao-espazioak\/yimby\/gure-sukaldea\/","title":{"rendered":"Gure sukaldea"},"content":{"rendered":"<div id='layer_slider_1'  class='avia-layerslider main_color avia-shadow  avia-builder-el-0  el_before_av_one_half  avia-builder-el-first  container_wrap sidebar_right' style='  height: 401px;' ><\/div><div id='after_layer_slider_1'  class='main_color av_default_container_wrap container_wrap sidebar_right' style=' '  ><div class='container' ><div class='template-page content  av-content-small alpha units'><div class='post-entry post-entry-type-page post-entry-8849'><div class='entry-content-wrapper clearfix'>\n<div class=\"flex_column av_one_half  flex_column_div av-zero-column-padding first  avia-builder-el-1  el_after_av_layerslider  el_before_av_one_half  avia-builder-el-first  \" style='border-radius:0px; '><p><div  class='avia-image-container  av-styling-    avia-builder-el-2  el_before_av_textblock  avia-builder-el-first  avia-align-center '  itemprop=\"image\" itemscope=\"itemscope\" itemtype=\"https:\/\/schema.org\/ImageObject\"  ><div class='avia-image-container-inner'><div class='avia-image-overlay-wrap'><img decoding=\"async\" class='wp-image-16481 avia-img-lazy-loading-not-16481 avia_image' src=\"https:\/\/yimbybilbao.com\/wp-content\/uploads\/2020\/05\/Sin-ti\u00ectulo-1-300x73.png\" alt='' title='Sin ti\u00ectulo-1' height=\"73\" width=\"300\"  itemprop=\"thumbnailUrl\" srcset=\"https:\/\/yimbybilbao.com\/wp-content\/uploads\/2020\/05\/Sin-ti\u00ectulo-1-300x73.png 300w, https:\/\/yimbybilbao.com\/wp-content\/uploads\/2020\/05\/Sin-ti\u00ectulo-1-768x188.png 768w, https:\/\/yimbybilbao.com\/wp-content\/uploads\/2020\/05\/Sin-ti\u00ectulo-1-705x172.png 705w, https:\/\/yimbybilbao.com\/wp-content\/uploads\/2020\/05\/Sin-ti\u00ectulo-1.png 839w\" sizes=\"(max-width: 300px) 100vw, 300px\" \/><\/div><\/div><\/div><br \/>\n<section class=\"av_textblock_section \"  itemscope=\"itemscope\" itemtype=\"https:\/\/schema.org\/CreativeWork\" ><div class='avia_textblock  av_inherit_color '  style='font-size:21px; color:#b02b2c; '  itemprop=\"text\" ><p style=\"text-align: left; font-size: 21px;\"><strong>25 m\u00b2<\/strong><\/p>\n<\/div><\/section><br \/>\n<section class=\"av_textblock_section \"  itemscope=\"itemscope\" itemtype=\"https:\/\/schema.org\/CreativeWork\" ><div class='avia_textblock  '   itemprop=\"text\" ><p><span style=\"font-weight: 400; font-size: 13px;\">Back aretoan sartuta, gure bezeroen esku sukalde bat jarri dugu, irudika daitezkeen ekitaldi gastronomiko mota guztiak garatzeko aukera izateko. <\/span><\/p>\n<\/div><\/section><br \/>\n<section class=\"av_textblock_section \"  itemscope=\"itemscope\" itemtype=\"https:\/\/schema.org\/CreativeWork\" ><div class='avia_textblock  '   itemprop=\"text\" ><p><span style=\"font-size: 13px;\">Dela showcooking sofistikatuena, dela Michelin izarra duen sukaldari baten ikastaroa, dela zuk zeuk janaria prestatu eta Back areto osoa oso txoko berezi bihurtzeko. Edo, bestela, plato ezin hobea izatea gure sukaldea sukaldaritzako produktu bat aurkezteko, etxetresna elektriko berriaren argazkiak egiteko saiorako edo sukaldari ospetsu baten ikastaroa filmatzeko.<\/span><\/p>\n<\/div><\/section><\/p><\/div><div class=\"flex_column av_one_half  flex_column_div av-zero-column-padding   avia-builder-el-6  el_after_av_one_half  el_before_av_hr  \" style='border-radius:0px; '><p><div  style='height:50px' class='hr hr-invisible   avia-builder-el-7  el_before_av_image  avia-builder-el-first '><span class='hr-inner ' ><span class='hr-inner-style'><\/span><\/span><\/div><br \/>\n<div  class='avia-image-container  av-styling-    avia-builder-el-8  el_after_av_hr  el_before_av_hr  avia-align-center '  itemprop=\"image\" itemscope=\"itemscope\" itemtype=\"https:\/\/schema.org\/ImageObject\"  ><div class='avia-image-container-inner'><div class='avia-image-overlay-wrap'><img decoding=\"async\" class='wp-image-16485 avia-img-lazy-loading-not-16485 avia_image' src=\"https:\/\/yimbybilbao.com\/wp-content\/uploads\/2020\/05\/plano4-291x300.png\" alt='' title='plano4' height=\"300\" width=\"291\"  itemprop=\"thumbnailUrl\" srcset=\"https:\/\/yimbybilbao.com\/wp-content\/uploads\/2020\/05\/plano4-291x300.png 291w, https:\/\/yimbybilbao.com\/wp-content\/uploads\/2020\/05\/plano4-999x1030.png 999w, https:\/\/yimbybilbao.com\/wp-content\/uploads\/2020\/05\/plano4-768x792.png 768w, https:\/\/yimbybilbao.com\/wp-content\/uploads\/2020\/05\/plano4-36x36.png 36w, https:\/\/yimbybilbao.com\/wp-content\/uploads\/2020\/05\/plano4-683x705.png 683w, https:\/\/yimbybilbao.com\/wp-content\/uploads\/2020\/05\/plano4.png 1333w\" sizes=\"(max-width: 291px) 100vw, 291px\" \/><\/div><\/div><\/div><br \/>\n<div  style='height:50px' class='hr hr-invisible   avia-builder-el-9  el_after_av_image  el_before_av_button '><span class='hr-inner ' ><span class='hr-inner-style'><\/span><\/span><\/div><br \/>\n<div  class='avia-button-wrap avia-button-center  avia-builder-el-10  el_after_av_hr  avia-builder-el-last ' ><a href='https:\/\/yimbybilbao.com\/wp-content\/uploads\/2018\/07\/PLANO-ACOTADO-SALA-YARD-copia.jpg'  class='avia-button  avia-color-dark   avia-icon_select-no avia-size-medium avia-position-center '   ><span class='avia_iconbox_title' >Planoa jaitsi<\/span><\/a><\/div><\/p><\/div><\/p>\n<div  style='height:50px' class='hr hr-invisible   avia-builder-el-11  el_after_av_one_half  el_before_av_one_half '><span class='hr-inner ' ><span class='hr-inner-style'><\/span><\/span><\/div>\n<div class=\"flex_column av_one_half  flex_column_div av-zero-column-padding first  avia-builder-el-12  el_after_av_hr  el_before_av_one_half  \" style='border-radius:0px; '><section class=\"av_textblock_section \"  itemscope=\"itemscope\" itemtype=\"https:\/\/schema.org\/CreativeWork\" ><div class='avia_textblock  av_inherit_color '  style='font-size:18px; color:#606060; '  itemprop=\"text\" ><div class=\"column3 column_space\">\n<p><span style=\"font-weight: 400; font-size: 18px;\">Aretoaren ezaugarriak:<\/span><\/p>\n<\/div>\n<div class=\"column3 column_space\"><\/div>\n<\/div><\/section><br \/>\n<section class=\"av_textblock_section \"  itemscope=\"itemscope\" itemtype=\"https:\/\/schema.org\/CreativeWork\" ><div class='avia_textblock  '   itemprop=\"text\" ><div class=\"column3 column_space\">\n<ul>\n<li><span style=\"font-weight: 400; font-size: 13px;\">Azalera: 25 m\u00b2<\/span><\/li>\n<li><span style=\"font-weight: 400; font-size: 13px;\">Back aretoan sartua<\/span><\/li>\n<\/ul>\n<\/div>\n<div class=\"column3 column_space\"><\/div>\n<\/div><\/section><br \/>\n<section class=\"av_textblock_section \"  itemscope=\"itemscope\" itemtype=\"https:\/\/schema.org\/CreativeWork\" ><div class='avia_textblock  av_inherit_color '  style='font-size:18px; color:#606060; '  itemprop=\"text\" ><div class=\"column3 column_space\">\n<p><span style=\"font-weight: 400; font-size: 18px;\">Ezaugarri teknikoak:<\/span><\/p>\n<\/div>\n<div class=\"column3 column_space\"><\/div>\n<\/div><\/section><br \/>\n<section class=\"av_textblock_section \"  itemscope=\"itemscope\" itemtype=\"https:\/\/schema.org\/CreativeWork\" ><div class='avia_textblock  '   itemprop=\"text\" ><div class=\"column3 column_space\">\n<ul>\n<li><span style=\"font-weight: 400; font-size: 13px;\">Wifia<\/span><\/li>\n<li style=\"font-weight: 400;\"><span style=\"font-weight: 400; font-size: 13px;\">Berogailua<\/span><\/li>\n<li style=\"font-weight: 400;\"><span style=\"font-weight: 400; font-size: 13px;\">Aire egokitua<\/span><\/li>\n<\/ul>\n<\/div>\n<div class=\"column3 column_space\"><\/div>\n<\/div><\/section><\/p><\/div>\n<div class=\"flex_column av_one_half  flex_column_div av-zero-column-padding   avia-builder-el-17  el_after_av_one_half  el_before_av_section  avia-builder-el-last  \" style='border-radius:0px; '><section class=\"av_textblock_section \"  itemscope=\"itemscope\" itemtype=\"https:\/\/schema.org\/CreativeWork\" ><div class='avia_textblock  av_inherit_color '  style='font-size:18px; color:#606060; '  itemprop=\"text\" ><div class=\"column3 column_space\">\n<p><span style=\"font-weight: 400; font-size: 18px;\">Hornikuntza:<\/span><\/p>\n<\/div>\n<div class=\"column3 column_space\"><\/div>\n<\/div><\/section><br \/>\n<section class=\"av_textblock_section \"  itemscope=\"itemscope\" itemtype=\"https:\/\/schema.org\/CreativeWork\" ><div class='avia_textblock  '   itemprop=\"text\" ><div class=\"column3 column_space\">\n<ul>\n<li style=\"font-weight: 400;\"><span style=\"font-weight: 400; font-size: 13px;\">2 hozkailu, GAGGENAU markakoak.<\/span><\/li>\n<li style=\"font-weight: 400;\"><span style=\"font-weight: 400; font-size: 13px;\">2 labe, GAGGENAU markakoak.<\/span><\/li>\n<li style=\"font-weight: 400;\"><span style=\"font-weight: 400; font-size: 13px;\">Indukzioko plaka handi 1, MIELE etxekoa.<\/span><\/li>\n<li style=\"font-weight: 400;\"><span style=\"font-weight: 400; font-size: 13px;\">Plantxa 1, MIELE etxekoa.<\/span><\/li>\n<li style=\"font-weight: 400;\"><span style=\"font-weight: 400; font-size: 13px;\">2 su bitrozeramiko, MIELE markakoak.<\/span><\/li>\n<li style=\"font-weight: 400;\"><span style=\"font-weight: 400; font-size: 13px;\">Ontzi-garbigailu 1, GAGGENAU etxekoa.<\/span><\/li>\n<li style=\"font-weight: 400;\"><span style=\"font-weight: 400; font-size: 13px;\">DHarraska bikoitza, altzairu herdoilgaitzezkoa.<\/span><\/li>\n<li style=\"font-weight: 400;\"><span style=\"font-weight: 400; font-size: 13px;\">Ke-kanpai 1, BOFFI etxekoa.<\/span><\/li>\n<li style=\"font-weight: 400;\"><span style=\"font-weight: 400; font-size: 13px;\">Mikrouhin-labe 1.<\/span><\/li>\n<\/ul>\n<\/div>\n<div class=\"column3 column_space\"><\/div>\n<\/div><\/section><\/p><\/div>\n<\/div><\/div><\/div><!-- close content main div --><\/div><\/div><div id='av_section_1'  class='avia-section main_color avia-section-no-padding avia-no-border-styling  avia-bg-style-parallax  avia-builder-el-20  el_after_av_one_half  el_before_av_hr   container_wrap sidebar_right' style=' '  ><div class='container' ><div class='template-page content  av-content-small alpha units'><div class='post-entry post-entry-type-page post-entry-8849'><div class='entry-content-wrapper clearfix'>\n<div  style='height:10px' class='hr hr-invisible   avia-builder-el-21  el_before_av_one_third  avia-builder-el-first '><span class='hr-inner ' ><span class='hr-inner-style'><\/span><\/span><\/div>\n<div class=\"flex_column av_one_third  no_margin flex_column_div first  avia-builder-el-22  el_after_av_hr  el_before_av_one_third  \" style='padding:1px; border-radius:0px; '><div  class='avia-image-container  av-styling-    avia-builder-el-23  avia-builder-el-no-sibling  avia-align-center '  itemprop=\"image\" itemscope=\"itemscope\" itemtype=\"https:\/\/schema.org\/ImageObject\"  ><div class='avia-image-container-inner'><div class='avia-image-overlay-wrap'><img decoding=\"async\" class='wp-image-16479 avia-img-lazy-loading-not-16479 avia_image' src=\"https:\/\/yimbybilbao.com\/wp-content\/uploads\/2020\/05\/cocina3.jpg\" alt='' title='' height=\"533\" width=\"800\"  itemprop=\"thumbnailUrl\" srcset=\"https:\/\/yimbybilbao.com\/wp-content\/uploads\/2020\/05\/cocina3.jpg 800w, https:\/\/yimbybilbao.com\/wp-content\/uploads\/2020\/05\/cocina3-300x200.jpg 300w, https:\/\/yimbybilbao.com\/wp-content\/uploads\/2020\/05\/cocina3-768x512.jpg 768w, https:\/\/yimbybilbao.com\/wp-content\/uploads\/2020\/05\/cocina3-705x470.jpg 705w\" sizes=\"(max-width: 800px) 100vw, 800px\" \/><\/div><\/div><\/div><\/div><div class=\"flex_column av_one_third  no_margin flex_column_div av-zero-column-padding   avia-builder-el-24  el_after_av_one_third  el_before_av_one_third  \" style='border-radius:0px; '><div  class='avia-image-container  av-styling-    avia-builder-el-25  avia-builder-el-no-sibling  avia-align-center '  itemprop=\"image\" itemscope=\"itemscope\" itemtype=\"https:\/\/schema.org\/ImageObject\"  ><div class='avia-image-container-inner'><div class='avia-image-overlay-wrap'><img decoding=\"async\" class='wp-image-16475 avia-img-lazy-loading-not-16475 avia_image' src=\"https:\/\/yimbybilbao.com\/wp-content\/uploads\/2020\/05\/cocina1.jpg\" alt='' title='' height=\"533\" width=\"800\"  itemprop=\"thumbnailUrl\" srcset=\"https:\/\/yimbybilbao.com\/wp-content\/uploads\/2020\/05\/cocina1.jpg 800w, https:\/\/yimbybilbao.com\/wp-content\/uploads\/2020\/05\/cocina1-300x200.jpg 300w, https:\/\/yimbybilbao.com\/wp-content\/uploads\/2020\/05\/cocina1-768x512.jpg 768w, https:\/\/yimbybilbao.com\/wp-content\/uploads\/2020\/05\/cocina1-705x470.jpg 705w\" sizes=\"(max-width: 800px) 100vw, 800px\" \/><\/div><\/div><\/div><\/div><div class=\"flex_column av_one_third  no_margin flex_column_div av-zero-column-padding   avia-builder-el-26  el_after_av_one_third  avia-builder-el-last  \" style='border-radius:0px; '><div  class='avia-image-container  av-styling-    avia-builder-el-27  avia-builder-el-no-sibling  avia-align-center '  itemprop=\"image\" itemscope=\"itemscope\" itemtype=\"https:\/\/schema.org\/ImageObject\"  ><div class='avia-image-container-inner'><div class='avia-image-overlay-wrap'><img decoding=\"async\" class='wp-image-16493 avia-img-lazy-loading-not-16493 avia_image' src=\"https:\/\/yimbybilbao.com\/wp-content\/uploads\/2020\/05\/cocina8.jpg\" alt='' title='' height=\"533\" width=\"800\"  itemprop=\"thumbnailUrl\" srcset=\"https:\/\/yimbybilbao.com\/wp-content\/uploads\/2020\/05\/cocina8.jpg 800w, https:\/\/yimbybilbao.com\/wp-content\/uploads\/2020\/05\/cocina8-300x200.jpg 300w, https:\/\/yimbybilbao.com\/wp-content\/uploads\/2020\/05\/cocina8-768x512.jpg 768w, https:\/\/yimbybilbao.com\/wp-content\/uploads\/2020\/05\/cocina8-705x470.jpg 705w\" sizes=\"(max-width: 800px) 100vw, 800px\" \/><\/div><\/div><\/div><\/div>\n<\/div><\/div><\/div><!-- close content main div --><\/div><\/div><div id='after_section_1'  class='main_color av_default_container_wrap container_wrap sidebar_right' style=' '  ><div class='container' ><div class='template-page content  av-content-small alpha units'><div class='post-entry post-entry-type-page post-entry-8849'><div class='entry-content-wrapper clearfix'>\n<div  style='height:50px' class='hr hr-invisible   avia-builder-el-28  el_after_av_section  el_before_av_one_fifth  avia-builder-el-first '><span class='hr-inner ' ><span class='hr-inner-style'><\/span><\/span><\/div>\n<div class=\"flex_column av_one_fifth  flex_column_div av-zero-column-padding first  avia-builder-el-29  el_after_av_hr  el_before_av_one_fifth  \" style='border-radius:0px; '><div  class='avia-image-container  av-styling-    avia-builder-el-30  avia-builder-el-no-sibling  avia-align-center '  itemprop=\"image\" itemscope=\"itemscope\" itemtype=\"https:\/\/schema.org\/ImageObject\"  ><div class='avia-image-container-inner'><div class='avia-image-overlay-wrap'><a href='https:\/\/yimbybilbao.com\/espacios-yimbybilbao\/yimby\/yes\/' class='avia_image'  ><img decoding=\"async\" width=\"125\" height=\"68\" class='wp-image-12573 avia-img-lazy-loading-not-12573 avia_image' src=\"https:\/\/yimbybilbao.com\/wp-content\/uploads\/2018\/06\/yes_final.png\" alt='' title=''  itemprop=\"thumbnailUrl\"  \/><\/a><\/div><\/div><\/div><\/div>\n<div class=\"flex_column av_one_fifth  flex_column_div av-zero-column-padding   avia-builder-el-31  el_after_av_one_fifth  el_before_av_one_fifth  \" style='border-radius:0px; '><div  class='avia-image-container  av-styling-    avia-builder-el-32  avia-builder-el-no-sibling  avia-align-center '  itemprop=\"image\" itemscope=\"itemscope\" itemtype=\"https:\/\/schema.org\/ImageObject\"  ><div class='avia-image-container-inner'><div class='avia-image-overlay-wrap'><a href='https:\/\/yimbybilbao.com\/in\/' class='avia_image'  ><img decoding=\"async\" width=\"85\" height=\"68\" class='wp-image-12575 avia-img-lazy-loading-not-12575 avia_image' src=\"https:\/\/yimbybilbao.com\/wp-content\/uploads\/2018\/06\/in_final_2.png\" alt='' title=''  itemprop=\"thumbnailUrl\"  \/><\/a><\/div><\/div><\/div><\/div>\n<div class=\"flex_column av_one_fifth  flex_column_div av-zero-column-padding   avia-builder-el-33  el_after_av_one_fifth  el_before_av_one_fifth  \" style='border-radius:0px; '><div  class='avia-image-container  av-styling-    avia-builder-el-34  avia-builder-el-no-sibling  avia-align-center '  itemprop=\"image\" itemscope=\"itemscope\" itemtype=\"https:\/\/schema.org\/ImageObject\"  ><div class='avia-image-container-inner'><div class='avia-image-overlay-wrap'><a href='https:\/\/yimbybilbao.com\/my\/' class='avia_image'  ><img decoding=\"async\" width=\"125\" height=\"68\" class='wp-image-12577 avia-img-lazy-loading-not-12577 avia_image' src=\"https:\/\/yimbybilbao.com\/wp-content\/uploads\/2018\/06\/my_final.png\" alt='' title=''  itemprop=\"thumbnailUrl\"  \/><\/a><\/div><\/div><\/div><\/div>\n<div class=\"flex_column av_one_fifth  flex_column_div av-zero-column-padding   avia-builder-el-35  el_after_av_one_fifth  el_before_av_one_fifth  \" style='border-radius:0px; '><div  class='avia-image-container  av-styling-    avia-builder-el-36  avia-builder-el-no-sibling  avia-align-center '  itemprop=\"image\" itemscope=\"itemscope\" itemtype=\"https:\/\/schema.org\/ImageObject\"  ><div class='avia-image-container-inner'><div class='avia-image-overlay-wrap'><a href='https:\/\/yimbybilbao.com\/espacios-yimbybilbao\/yimby\/back\/' class='avia_image'  ><img decoding=\"async\" width=\"125\" height=\"68\" class='wp-image-12579 avia-img-lazy-loading-not-12579 avia_image' src=\"https:\/\/yimbybilbao.com\/wp-content\/uploads\/2018\/06\/back_final.png\" alt='' title=''  itemprop=\"thumbnailUrl\"  \/><\/a><\/div><\/div><\/div><\/div>\n<div class=\"flex_column av_one_fifth  flex_column_div av-zero-column-padding   avia-builder-el-37  el_after_av_one_fifth  el_before_av_one_full  \" style='border-radius:0px; '><div  class='avia-image-container  av-styling-    avia-builder-el-38  avia-builder-el-no-sibling  avia-align-center '  itemprop=\"image\" itemscope=\"itemscope\" itemtype=\"https:\/\/schema.org\/ImageObject\"  ><div class='avia-image-container-inner'><div class='avia-image-overlay-wrap'><a href='https:\/\/yimbybilbao.com\/espacios-yimbybilbao\/yimby\/yard\/' class='avia_image'  ><img decoding=\"async\" width=\"125\" height=\"68\" class='wp-image-12581 avia-img-lazy-loading-not-12581 avia_image' src=\"https:\/\/yimbybilbao.com\/wp-content\/uploads\/2018\/06\/yard_final.png\" alt='' title=''  itemprop=\"thumbnailUrl\"  \/><\/a><\/div><\/div><\/div><\/div>\n<div class=\"flex_column av_one_full  flex_column_div av-zero-column-padding first  avia-builder-el-39  el_after_av_one_fifth  avia-builder-el-last  column-top-margin\" style='border-radius:0px; '><\/div>\n","protected":false},"excerpt":{"rendered":"","protected":false},"author":4,"featured_media":0,"parent":5709,"menu_order":0,"comment_status":"open","ping_status":"closed","template":"","meta":{"sfsi_plus_gutenberg_text_before_share":"","sfsi_plus_gutenberg_show_text_before_share":"","sfsi_plus_gutenberg_icon_type":"","sfsi_plus_gutenberg_icon_alignemt":"","sfsi_plus_gutenburg_max_per_row":"","footnotes":""},"class_list":["post-8849","page","type-page","status-publish","hentry"],"yoast_head":"<!-- This site is optimized with the Yoast SEO plugin v27.2 - https:\/\/yoast.com\/product\/yoast-seo-wordpress\/ -->\n<title>Nuestra cocina<\/title>\n<meta name=\"description\" content=\"Sala Yard - Para los eventos m\u00e1s l\u00fadicos, divertidos y desenfadados. M\u00fasica en directo, un cocktail tras una reuni\u00f3n de trabajo -\" \/>\n<meta name=\"robots\" content=\"index, follow, max-snippet:-1, max-image-preview:large, max-video-preview:-1\" \/>\n<link rel=\"canonical\" href=\"https:\/\/yimbybilbao.com\/eu\/yimby-bilbao-espazioak\/yimby\/gure-sukaldea\/\" \/>\n<meta property=\"og:locale\" content=\"eu_ES\" \/>\n<meta property=\"og:type\" content=\"article\" \/>\n<meta property=\"og:title\" content=\"Nuestra cocina\" \/>\n<meta property=\"og:description\" content=\"Sala Yard - Para los eventos m\u00e1s l\u00fadicos, divertidos y desenfadados. M\u00fasica en directo, un cocktail tras una reuni\u00f3n de trabajo -\" \/>\n<meta property=\"og:url\" content=\"https:\/\/yimbybilbao.com\/eu\/yimby-bilbao-espazioak\/yimby\/gure-sukaldea\/\" \/>\n<meta property=\"og:site_name\" content=\"Yimby Bilbao\" \/>\n<meta property=\"article:modified_time\" content=\"2022-01-28T10:18:45+00:00\" \/>\n<meta name=\"twitter:card\" content=\"summary_large_image\" \/>\n<meta name=\"twitter:label1\" content=\"Est. reading time\" \/>\n\t<meta name=\"twitter:data1\" content=\"11 minutes\" \/>\n<script type=\"application\/ld+json\" class=\"yoast-schema-graph\">{\"@context\":\"https:\/\/schema.org\",\"@graph\":[{\"@type\":\"WebPage\",\"@id\":\"https:\/\/yimbybilbao.com\/eu\/yimby-bilbao-espazioak\/yimby\/gure-sukaldea\/\",\"url\":\"https:\/\/yimbybilbao.com\/eu\/yimby-bilbao-espazioak\/yimby\/gure-sukaldea\/\",\"name\":\"Nuestra cocina\",\"isPartOf\":{\"@id\":\"https:\/\/yimbybilbao.com\/#website\"},\"datePublished\":\"2020-06-10T11:16:34+00:00\",\"dateModified\":\"2022-01-28T10:18:45+00:00\",\"description\":\"Sala Yard - Para los eventos m\u00e1s l\u00fadicos, divertidos y desenfadados. M\u00fasica en directo, un cocktail tras una reuni\u00f3n de trabajo -\",\"breadcrumb\":{\"@id\":\"https:\/\/yimbybilbao.com\/eu\/yimby-bilbao-espazioak\/yimby\/gure-sukaldea\/#breadcrumb\"},\"inLanguage\":\"eu-ES\",\"potentialAction\":[{\"@type\":\"ReadAction\",\"target\":[\"https:\/\/yimbybilbao.com\/eu\/yimby-bilbao-espazioak\/yimby\/gure-sukaldea\/\"]}]},{\"@type\":\"BreadcrumbList\",\"@id\":\"https:\/\/yimbybilbao.com\/eu\/yimby-bilbao-espazioak\/yimby\/gure-sukaldea\/#breadcrumb\",\"itemListElement\":[{\"@type\":\"ListItem\",\"position\":1,\"name\":\"Portada\",\"item\":\"https:\/\/yimbybilbao.com\/\"},{\"@type\":\"ListItem\",\"position\":2,\"name\":\"Espazioak\",\"item\":\"https:\/\/yimbybilbao.com\/eu\/yimby-bilbao-espazioak\/\"},{\"@type\":\"ListItem\",\"position\":3,\"name\":\"Yimby_eusk\",\"item\":\"https:\/\/yimbybilbao.com\/eu\/yimby-bilbao-espazioak\/yimby\/\"},{\"@type\":\"ListItem\",\"position\":4,\"name\":\"Gure sukaldea\"}]},{\"@type\":\"WebSite\",\"@id\":\"https:\/\/yimbybilbao.com\/#website\",\"url\":\"https:\/\/yimbybilbao.com\/\",\"name\":\"Yimby Bilbao\",\"description\":\"Welcome to positive encountering\",\"potentialAction\":[{\"@type\":\"SearchAction\",\"target\":{\"@type\":\"EntryPoint\",\"urlTemplate\":\"https:\/\/yimbybilbao.com\/?s={search_term_string}\"},\"query-input\":{\"@type\":\"PropertyValueSpecification\",\"valueRequired\":true,\"valueName\":\"search_term_string\"}}],\"inLanguage\":\"eu-ES\"}]}<\/script>\n<!-- \/ Yoast SEO plugin. -->","yoast_head_json":{"title":"Nuestra cocina","description":"Sala Yard - Para los eventos m\u00e1s l\u00fadicos, divertidos y desenfadados. M\u00fasica en directo, un cocktail tras una reuni\u00f3n de trabajo -","robots":{"index":"index","follow":"follow","max-snippet":"max-snippet:-1","max-image-preview":"max-image-preview:large","max-video-preview":"max-video-preview:-1"},"canonical":"https:\/\/yimbybilbao.com\/eu\/yimby-bilbao-espazioak\/yimby\/gure-sukaldea\/","og_locale":"eu_ES","og_type":"article","og_title":"Nuestra cocina","og_description":"Sala Yard - Para los eventos m\u00e1s l\u00fadicos, divertidos y desenfadados. M\u00fasica en directo, un cocktail tras una reuni\u00f3n de trabajo -","og_url":"https:\/\/yimbybilbao.com\/eu\/yimby-bilbao-espazioak\/yimby\/gure-sukaldea\/","og_site_name":"Yimby Bilbao","article_modified_time":"2022-01-28T10:18:45+00:00","twitter_card":"summary_large_image","twitter_misc":{"Est. reading time":"11 minutes"},"schema":{"@context":"https:\/\/schema.org","@graph":[{"@type":"WebPage","@id":"https:\/\/yimbybilbao.com\/eu\/yimby-bilbao-espazioak\/yimby\/gure-sukaldea\/","url":"https:\/\/yimbybilbao.com\/eu\/yimby-bilbao-espazioak\/yimby\/gure-sukaldea\/","name":"Nuestra cocina","isPartOf":{"@id":"https:\/\/yimbybilbao.com\/#website"},"datePublished":"2020-06-10T11:16:34+00:00","dateModified":"2022-01-28T10:18:45+00:00","description":"Sala Yard - Para los eventos m\u00e1s l\u00fadicos, divertidos y desenfadados. M\u00fasica en directo, un cocktail tras una reuni\u00f3n de trabajo -","breadcrumb":{"@id":"https:\/\/yimbybilbao.com\/eu\/yimby-bilbao-espazioak\/yimby\/gure-sukaldea\/#breadcrumb"},"inLanguage":"eu-ES","potentialAction":[{"@type":"ReadAction","target":["https:\/\/yimbybilbao.com\/eu\/yimby-bilbao-espazioak\/yimby\/gure-sukaldea\/"]}]},{"@type":"BreadcrumbList","@id":"https:\/\/yimbybilbao.com\/eu\/yimby-bilbao-espazioak\/yimby\/gure-sukaldea\/#breadcrumb","itemListElement":[{"@type":"ListItem","position":1,"name":"Portada","item":"https:\/\/yimbybilbao.com\/"},{"@type":"ListItem","position":2,"name":"Espazioak","item":"https:\/\/yimbybilbao.com\/eu\/yimby-bilbao-espazioak\/"},{"@type":"ListItem","position":3,"name":"Yimby_eusk","item":"https:\/\/yimbybilbao.com\/eu\/yimby-bilbao-espazioak\/yimby\/"},{"@type":"ListItem","position":4,"name":"Gure sukaldea"}]},{"@type":"WebSite","@id":"https:\/\/yimbybilbao.com\/#website","url":"https:\/\/yimbybilbao.com\/","name":"Yimby Bilbao","description":"Welcome to positive encountering","potentialAction":[{"@type":"SearchAction","target":{"@type":"EntryPoint","urlTemplate":"https:\/\/yimbybilbao.com\/?s={search_term_string}"},"query-input":{"@type":"PropertyValueSpecification","valueRequired":true,"valueName":"search_term_string"}}],"inLanguage":"eu-ES"}]}},"_links":{"self":[{"href":"https:\/\/yimbybilbao.com\/eu\/wp-json\/wp\/v2\/pages\/8849","targetHints":{"allow":["GET"]}}],"collection":[{"href":"https:\/\/yimbybilbao.com\/eu\/wp-json\/wp\/v2\/pages"}],"about":[{"href":"https:\/\/yimbybilbao.com\/eu\/wp-json\/wp\/v2\/types\/page"}],"author":[{"embeddable":true,"href":"https:\/\/yimbybilbao.com\/eu\/wp-json\/wp\/v2\/users\/4"}],"replies":[{"embeddable":true,"href":"https:\/\/yimbybilbao.com\/eu\/wp-json\/wp\/v2\/comments?post=8849"}],"version-history":[{"count":5,"href":"https:\/\/yimbybilbao.com\/eu\/wp-json\/wp\/v2\/pages\/8849\/revisions"}],"predecessor-version":[{"id":20566,"href":"https:\/\/yimbybilbao.com\/eu\/wp-json\/wp\/v2\/pages\/8849\/revisions\/20566"}],"up":[{"embeddable":true,"href":"https:\/\/yimbybilbao.com\/eu\/wp-json\/wp\/v2\/pages\/5709"}],"wp:attachment":[{"href":"https:\/\/yimbybilbao.com\/eu\/wp-json\/wp\/v2\/media?parent=8849"}],"curies":[{"name":"wp","href":"https:\/\/api.w.org\/{rel}","templated":true}]}}